{"id":14,"date":"2022-06-28T15:34:39","date_gmt":"2022-06-28T18:34:39","guid":{"rendered":"https:\/\/cabanasdospajaros.wordpress.com\/?page_id=10"},"modified":"2023-08-03T13:49:28","modified_gmt":"2023-08-03T13:49:28","slug":"inicio","status":"publish","type":"page","link":"https:\/\/cabanasdospajaros.com.ar\/","title":{"rendered":"Inicio"},"content":{"rendered":"\n<p><\/p>\n\n\n\n<div class=\"wp-block-cover alignfull is-light\" style=\"min-height:499px\"><span aria-hidden=\"true\" class=\"wp-block-cover__background has-background-dim-0 has-background-dim\"><\/span><img loading=\"lazy\" width=\"1920\" height=\"1080\" class=\"wp-block-cover__image-background wp-image-232\" alt=\"\" src=\"https:\/\/cabanasdospajaros.com.ar\/wp-content\/uploads\/2023\/08\/Dron3-1.jpg\" data-object-fit=\"cover\" srcset=\"https:\/\/cabanasdospajaros.com.ar\/wp-content\/uploads\/2023\/08\/Dron3-1.jpg 1920w, https:\/\/cabanasdospajaros.com.ar\/wp-content\/uploads\/2023\/08\/Dron3-1-300x169.jpg 300w, https:\/\/cabanasdospajaros.com.ar\/wp-content\/uploads\/2023\/08\/Dron3-1-1024x576.jpg 1024w, https:\/\/cabanasdospajaros.com.ar\/wp-content\/uploads\/2023\/08\/Dron3-1-768x432.jpg 768w, https:\/\/cabanasdospajaros.com.ar\/wp-content\/uploads\/2023\/08\/Dron3-1-1536x864.jpg 1536w, https:\/\/cabanasdospajaros.com.ar\/wp-content\/uploads\/2023\/08\/Dron3-1-1568x882.jpg 1568w\" sizes=\"(max-width: 1920px) 100vw, 1920px\" \/><div class=\"wp-block-cover__inner-container\">\n<p class=\"has-text-align-center has-large-font-size\"><\/p>\n<\/div><\/div>\n\n\n\n<div style=\"height:10px\" aria-hidden=\"true\" class=\"wp-block-spacer\"><\/div>\n\n\n\n<h2 class=\"has-text-align-center has-primary-background-color has-background\">A metros del Lago Alumine<\/h2>\n\n\n\n<p class=\"has-text-align-center\">Nuestras Caba\u00f1as est\u00e1n ubicadas a orillas del Lago Alumine. Contamos con quincho privado y  muelle para embarcaciones, situados a 6km del Centro de Villa Pehuenia, tenemos un espacio \u00fanico para que vengas a relajarte.<\/p>\n\n\n\n<div style=\"height:0px\" aria-hidden=\"true\" class=\"wp-block-spacer\"><\/div>\n\n\n\n<div class=\"wp-container-5 wp-block-group alignfull\"><div class=\"wp-block-group__inner-container\">\n<div class=\"wp-container-4 wp-block-columns\">\n<div class=\"wp-container-3 wp-block-column\" style=\"flex-basis:99.9%\">\n<div class=\"wp-container-2 wp-block-columns\">\n<div class=\"wp-container-1 wp-block-column is-vertically-aligned-center\">\n<h1 class=\"has-text-align-center has-primary-background-color has-background\">Nuestras Caba\u00f1as<\/h1>\n<\/div>\n<\/div>\n<\/div>\n<\/div>\n\n\n\n<div class=\"wp-block-jetpack-slideshow aligncenter\" data-autoplay=\"true\" data-delay=\"3\" data-effect=\"slide\"><div class=\"wp-block-jetpack-slideshow_container swiper-container\"><ul class=\"wp-block-jetpack-slideshow_swiper-wrapper swiper-wrapper\"><li class=\"wp-block-jetpack-slideshow_slide swiper-slide\"><figure><img loading=\"lazy\" width=\"683\" height=\"1024\" alt=\"\" class=\"wp-block-jetpack-slideshow_image wp-image-228\" data-id=\"228\" src=\"https:\/\/cabanasdospajaros.com.ar\/wp-content\/uploads\/2023\/08\/cab-ext1-683x1024.jpg\" srcset=\"https:\/\/cabanasdospajaros.com.ar\/wp-content\/uploads\/2023\/08\/cab-ext1-683x1024.jpg 683w, https:\/\/cabanasdospajaros.com.ar\/wp-content\/uploads\/2023\/08\/cab-ext1-200x300.jpg 200w, https:\/\/cabanasdospajaros.com.ar\/wp-content\/uploads\/2023\/08\/cab-ext1-768x1152.jpg 768w, https:\/\/cabanasdospajaros.com.ar\/wp-content\/uploads\/2023\/08\/cab-ext1-1024x1536.jpg 1024w, https:\/\/cabanasdospajaros.com.ar\/wp-content\/uploads\/2023\/08\/cab-ext1-1365x2048.jpg 1365w, https:\/\/cabanasdospajaros.com.ar\/wp-content\/uploads\/2023\/08\/cab-ext1-1568x2352.jpg 1568w, https:\/\/cabanasdospajaros.com.ar\/wp-content\/uploads\/2023\/08\/cab-ext1-scaled.jpg 1707w\" sizes=\"(max-width: 683px) 100vw, 683px\" \/><\/figure><\/li><li class=\"wp-block-jetpack-slideshow_slide swiper-slide\"><figure><img loading=\"lazy\" width=\"683\" height=\"1024\" alt=\"\" class=\"wp-block-jetpack-slideshow_image wp-image-227\" data-id=\"227\" src=\"https:\/\/cabanasdospajaros.com.ar\/wp-content\/uploads\/2023\/08\/cab-hab2-683x1024.jpg\" srcset=\"https:\/\/cabanasdospajaros.com.ar\/wp-content\/uploads\/2023\/08\/cab-hab2-683x1024.jpg 683w, https:\/\/cabanasdospajaros.com.ar\/wp-content\/uploads\/2023\/08\/cab-hab2-200x300.jpg 200w, https:\/\/cabanasdospajaros.com.ar\/wp-content\/uploads\/2023\/08\/cab-hab2-768x1152.jpg 768w, https:\/\/cabanasdospajaros.com.ar\/wp-content\/uploads\/2023\/08\/cab-hab2-1024x1536.jpg 1024w, https:\/\/cabanasdospajaros.com.ar\/wp-content\/uploads\/2023\/08\/cab-hab2-1365x2048.jpg 1365w, https:\/\/cabanasdospajaros.com.ar\/wp-content\/uploads\/2023\/08\/cab-hab2-1568x2352.jpg 1568w, https:\/\/cabanasdospajaros.com.ar\/wp-content\/uploads\/2023\/08\/cab-hab2-scaled.jpg 1707w\" sizes=\"(max-width: 683px) 100vw, 683px\" \/><\/figure><\/li><li class=\"wp-block-jetpack-slideshow_slide swiper-slide\"><figure><img loading=\"lazy\" width=\"683\" height=\"1024\" alt=\"\" class=\"wp-block-jetpack-slideshow_image wp-image-226\" data-id=\"226\" src=\"https:\/\/cabanasdospajaros.com.ar\/wp-content\/uploads\/2023\/08\/cab-quincho3-683x1024.jpg\" srcset=\"https:\/\/cabanasdospajaros.com.ar\/wp-content\/uploads\/2023\/08\/cab-quincho3-683x1024.jpg 683w, https:\/\/cabanasdospajaros.com.ar\/wp-content\/uploads\/2023\/08\/cab-quincho3-200x300.jpg 200w, https:\/\/cabanasdospajaros.com.ar\/wp-content\/uploads\/2023\/08\/cab-quincho3-768x1152.jpg 768w, https:\/\/cabanasdospajaros.com.ar\/wp-content\/uploads\/2023\/08\/cab-quincho3-1024x1536.jpg 1024w, https:\/\/cabanasdospajaros.com.ar\/wp-content\/uploads\/2023\/08\/cab-quincho3-1365x2048.jpg 1365w, https:\/\/cabanasdospajaros.com.ar\/wp-content\/uploads\/2023\/08\/cab-quincho3-1568x2352.jpg 1568w, https:\/\/cabanasdospajaros.com.ar\/wp-content\/uploads\/2023\/08\/cab-quincho3-scaled.jpg 1707w\" sizes=\"(max-width: 683px) 100vw, 683px\" \/><\/figure><\/li><li class=\"wp-block-jetpack-slideshow_slide swiper-slide\"><figure><img loading=\"lazy\" width=\"768\" height=\"1024\" alt=\"\" class=\"wp-block-jetpack-slideshow_image wp-image-225\" data-id=\"225\" src=\"https:\/\/cabanasdospajaros.com.ar\/wp-content\/uploads\/2023\/08\/cab-quincho1-768x1024.jpg\" srcset=\"https:\/\/cabanasdospajaros.com.ar\/wp-content\/uploads\/2023\/08\/cab-quincho1-768x1024.jpg 768w, https:\/\/cabanasdospajaros.com.ar\/wp-content\/uploads\/2023\/08\/cab-quincho1-225x300.jpg 225w, https:\/\/cabanasdospajaros.com.ar\/wp-content\/uploads\/2023\/08\/cab-quincho1-1152x1536.jpg 1152w, https:\/\/cabanasdospajaros.com.ar\/wp-content\/uploads\/2023\/08\/cab-quincho1.jpg 1500w\" sizes=\"(max-width: 768px) 100vw, 768px\" \/><\/figure><\/li><li class=\"wp-block-jetpack-slideshow_slide swiper-slide\"><figure><img loading=\"lazy\" width=\"683\" height=\"1024\" alt=\"\" class=\"wp-block-jetpack-slideshow_image wp-image-220\" data-id=\"220\" src=\"https:\/\/cabanasdospajaros.com.ar\/wp-content\/uploads\/2023\/08\/cab-cocina6-683x1024.jpg\" srcset=\"https:\/\/cabanasdospajaros.com.ar\/wp-content\/uploads\/2023\/08\/cab-cocina6-683x1024.jpg 683w, https:\/\/cabanasdospajaros.com.ar\/wp-content\/uploads\/2023\/08\/cab-cocina6-200x300.jpg 200w, https:\/\/cabanasdospajaros.com.ar\/wp-content\/uploads\/2023\/08\/cab-cocina6-768x1152.jpg 768w, https:\/\/cabanasdospajaros.com.ar\/wp-content\/uploads\/2023\/08\/cab-cocina6-1024x1536.jpg 1024w, https:\/\/cabanasdospajaros.com.ar\/wp-content\/uploads\/2023\/08\/cab-cocina6-1365x2048.jpg 1365w, https:\/\/cabanasdospajaros.com.ar\/wp-content\/uploads\/2023\/08\/cab-cocina6-1568x2352.jpg 1568w, https:\/\/cabanasdospajaros.com.ar\/wp-content\/uploads\/2023\/08\/cab-cocina6-scaled.jpg 1707w\" sizes=\"(max-width: 683px) 100vw, 683px\" \/><\/figure><\/li><li class=\"wp-block-jetpack-slideshow_slide swiper-slide\"><figure><img loading=\"lazy\" width=\"1024\" height=\"683\" alt=\"\" class=\"wp-block-jetpack-slideshow_image wp-image-221\" data-id=\"221\" src=\"https:\/\/cabanasdospajaros.com.ar\/wp-content\/uploads\/2023\/08\/Blanco-living-ventanal-lr-1024x683.jpg\" srcset=\"https:\/\/cabanasdospajaros.com.ar\/wp-content\/uploads\/2023\/08\/Blanco-living-ventanal-lr-1024x683.jpg 1024w, https:\/\/cabanasdospajaros.com.ar\/wp-content\/uploads\/2023\/08\/Blanco-living-ventanal-lr-300x200.jpg 300w, https:\/\/cabanasdospajaros.com.ar\/wp-content\/uploads\/2023\/08\/Blanco-living-ventanal-lr-768x512.jpg 768w, https:\/\/cabanasdospajaros.com.ar\/wp-content\/uploads\/2023\/08\/Blanco-living-ventanal-lr-1536x1024.jpg 1536w, https:\/\/cabanasdospajaros.com.ar\/wp-content\/uploads\/2023\/08\/Blanco-living-ventanal-lr-2048x1365.jpg 2048w, https:\/\/cabanasdospajaros.com.ar\/wp-content\/uploads\/2023\/08\/Blanco-living-ventanal-lr-1568x1045.jpg 1568w\" sizes=\"(max-width: 1024px) 100vw, 1024px\" \/><\/figure><\/li><li class=\"wp-block-jetpack-slideshow_slide swiper-slide\"><figure><img loading=\"lazy\" width=\"683\" height=\"1024\" alt=\"\" class=\"wp-block-jetpack-slideshow_image wp-image-222\" data-id=\"222\" src=\"https:\/\/cabanasdospajaros.com.ar\/wp-content\/uploads\/2023\/08\/cab-deck2-683x1024.jpg\" srcset=\"https:\/\/cabanasdospajaros.com.ar\/wp-content\/uploads\/2023\/08\/cab-deck2-683x1024.jpg 683w, https:\/\/cabanasdospajaros.com.ar\/wp-content\/uploads\/2023\/08\/cab-deck2-200x300.jpg 200w, https:\/\/cabanasdospajaros.com.ar\/wp-content\/uploads\/2023\/08\/cab-deck2-768x1152.jpg 768w, https:\/\/cabanasdospajaros.com.ar\/wp-content\/uploads\/2023\/08\/cab-deck2-1024x1536.jpg 1024w, https:\/\/cabanasdospajaros.com.ar\/wp-content\/uploads\/2023\/08\/cab-deck2-1365x2048.jpg 1365w, https:\/\/cabanasdospajaros.com.ar\/wp-content\/uploads\/2023\/08\/cab-deck2-1568x2352.jpg 1568w, https:\/\/cabanasdospajaros.com.ar\/wp-content\/uploads\/2023\/08\/cab-deck2-scaled.jpg 1707w\" sizes=\"(max-width: 683px) 100vw, 683px\" \/><\/figure><\/li><li class=\"wp-block-jetpack-slideshow_slide swiper-slide\"><figure><img loading=\"lazy\" width=\"1024\" height=\"683\" alt=\"\" class=\"wp-block-jetpack-slideshow_image wp-image-223\" data-id=\"223\" src=\"https:\/\/cabanasdospajaros.com.ar\/wp-content\/uploads\/2023\/08\/cab-ext5-1024x683.jpg\" srcset=\"https:\/\/cabanasdospajaros.com.ar\/wp-content\/uploads\/2023\/08\/cab-ext5-1024x683.jpg 1024w, https:\/\/cabanasdospajaros.com.ar\/wp-content\/uploads\/2023\/08\/cab-ext5-300x200.jpg 300w, https:\/\/cabanasdospajaros.com.ar\/wp-content\/uploads\/2023\/08\/cab-ext5-768x512.jpg 768w, https:\/\/cabanasdospajaros.com.ar\/wp-content\/uploads\/2023\/08\/cab-ext5-1536x1024.jpg 1536w, https:\/\/cabanasdospajaros.com.ar\/wp-content\/uploads\/2023\/08\/cab-ext5-2048x1365.jpg 2048w, https:\/\/cabanasdospajaros.com.ar\/wp-content\/uploads\/2023\/08\/cab-ext5-1568x1045.jpg 1568w\" sizes=\"(max-width: 1024px) 100vw, 1024px\" \/><\/figure><\/li><li class=\"wp-block-jetpack-slideshow_slide swiper-slide\"><figure><img loading=\"lazy\" width=\"1024\" height=\"683\" alt=\"\" class=\"wp-block-jetpack-slideshow_image wp-image-224\" data-id=\"224\" src=\"https:\/\/cabanasdospajaros.com.ar\/wp-content\/uploads\/2023\/08\/cab-living3-1024x683.jpg\" srcset=\"https:\/\/cabanasdospajaros.com.ar\/wp-content\/uploads\/2023\/08\/cab-living3-1024x683.jpg 1024w, https:\/\/cabanasdospajaros.com.ar\/wp-content\/uploads\/2023\/08\/cab-living3-300x200.jpg 300w, https:\/\/cabanasdospajaros.com.ar\/wp-content\/uploads\/2023\/08\/cab-living3-768x512.jpg 768w, https:\/\/cabanasdospajaros.com.ar\/wp-content\/uploads\/2023\/08\/cab-living3-1536x1024.jpg 1536w, https:\/\/cabanasdospajaros.com.ar\/wp-content\/uploads\/2023\/08\/cab-living3-2048x1365.jpg 2048w, https:\/\/cabanasdospajaros.com.ar\/wp-content\/uploads\/2023\/08\/cab-living3-1568x1045.jpg 1568w\" sizes=\"(max-width: 1024px) 100vw, 1024px\" \/><\/figure><\/li><li class=\"wp-block-jetpack-slideshow_slide swiper-slide\"><figure><img loading=\"lazy\" width=\"1024\" height=\"683\" alt=\"\" class=\"wp-block-jetpack-slideshow_image wp-image-219\" data-id=\"219\" src=\"https:\/\/cabanasdospajaros.com.ar\/wp-content\/uploads\/2023\/08\/cab-cocina1-1024x683.jpg\" srcset=\"https:\/\/cabanasdospajaros.com.ar\/wp-content\/uploads\/2023\/08\/cab-cocina1-1024x683.jpg 1024w, https:\/\/cabanasdospajaros.com.ar\/wp-content\/uploads\/2023\/08\/cab-cocina1-300x200.jpg 300w, https:\/\/cabanasdospajaros.com.ar\/wp-content\/uploads\/2023\/08\/cab-cocina1-768x512.jpg 768w, https:\/\/cabanasdospajaros.com.ar\/wp-content\/uploads\/2023\/08\/cab-cocina1-1536x1024.jpg 1536w, https:\/\/cabanasdospajaros.com.ar\/wp-content\/uploads\/2023\/08\/cab-cocina1-2048x1365.jpg 2048w, https:\/\/cabanasdospajaros.com.ar\/wp-content\/uploads\/2023\/08\/cab-cocina1-1568x1045.jpg 1568w\" sizes=\"(max-width: 1024px) 100vw, 1024px\" \/><\/figure><\/li><li class=\"wp-block-jetpack-slideshow_slide swiper-slide\"><figure><img loading=\"lazy\" width=\"1024\" height=\"683\" alt=\"\" class=\"wp-block-jetpack-slideshow_image wp-image-218\" data-id=\"218\" src=\"https:\/\/cabanasdospajaros.com.ar\/wp-content\/uploads\/2023\/08\/cab-comedor-escalera-1024x683.jpg\" srcset=\"https:\/\/cabanasdospajaros.com.ar\/wp-content\/uploads\/2023\/08\/cab-comedor-escalera-1024x683.jpg 1024w, https:\/\/cabanasdospajaros.com.ar\/wp-content\/uploads\/2023\/08\/cab-comedor-escalera-300x200.jpg 300w, https:\/\/cabanasdospajaros.com.ar\/wp-content\/uploads\/2023\/08\/cab-comedor-escalera-768x512.jpg 768w, https:\/\/cabanasdospajaros.com.ar\/wp-content\/uploads\/2023\/08\/cab-comedor-escalera-1536x1024.jpg 1536w, https:\/\/cabanasdospajaros.com.ar\/wp-content\/uploads\/2023\/08\/cab-comedor-escalera-2048x1365.jpg 2048w, https:\/\/cabanasdospajaros.com.ar\/wp-content\/uploads\/2023\/08\/cab-comedor-escalera-1568x1045.jpg 1568w\" sizes=\"(max-width: 1024px) 100vw, 1024px\" \/><\/figure><\/li><li class=\"wp-block-jetpack-slideshow_slide swiper-slide\"><figure><img loading=\"lazy\" width=\"683\" height=\"1024\" alt=\"\" class=\"wp-block-jetpack-slideshow_image wp-image-217\" data-id=\"217\" src=\"https:\/\/cabanasdospajaros.com.ar\/wp-content\/uploads\/2023\/08\/cab-ba3-683x1024.jpg\" srcset=\"https:\/\/cabanasdospajaros.com.ar\/wp-content\/uploads\/2023\/08\/cab-ba3-683x1024.jpg 683w, https:\/\/cabanasdospajaros.com.ar\/wp-content\/uploads\/2023\/08\/cab-ba3-200x300.jpg 200w, https:\/\/cabanasdospajaros.com.ar\/wp-content\/uploads\/2023\/08\/cab-ba3-768x1152.jpg 768w, https:\/\/cabanasdospajaros.com.ar\/wp-content\/uploads\/2023\/08\/cab-ba3-1024x1536.jpg 1024w, https:\/\/cabanasdospajaros.com.ar\/wp-content\/uploads\/2023\/08\/cab-ba3-1365x2048.jpg 1365w, https:\/\/cabanasdospajaros.com.ar\/wp-content\/uploads\/2023\/08\/cab-ba3-1568x2352.jpg 1568w, https:\/\/cabanasdospajaros.com.ar\/wp-content\/uploads\/2023\/08\/cab-ba3-scaled.jpg 1707w\" sizes=\"(max-width: 683px) 100vw, 683px\" \/><\/figure><\/li><li class=\"wp-block-jetpack-slideshow_slide swiper-slide\"><figure><img loading=\"lazy\" width=\"768\" height=\"1024\" alt=\"\" class=\"wp-block-jetpack-slideshow_image wp-image-216\" data-id=\"216\" src=\"https:\/\/cabanasdospajaros.com.ar\/wp-content\/uploads\/2023\/08\/cab-ba4-768x1024.jpg\" srcset=\"https:\/\/cabanasdospajaros.com.ar\/wp-content\/uploads\/2023\/08\/cab-ba4-768x1024.jpg 768w, https:\/\/cabanasdospajaros.com.ar\/wp-content\/uploads\/2023\/08\/cab-ba4-225x300.jpg 225w, https:\/\/cabanasdospajaros.com.ar\/wp-content\/uploads\/2023\/08\/cab-ba4-1152x1536.jpg 1152w, https:\/\/cabanasdospajaros.com.ar\/wp-content\/uploads\/2023\/08\/cab-ba4.jpg 1500w\" sizes=\"(max-width: 768px) 100vw, 768px\" \/><\/figure><\/li><\/ul><a class=\"wp-block-jetpack-slideshow_button-prev swiper-button-prev swiper-button-white\" role=\"button\"><\/a><a class=\"wp-block-jetpack-slideshow_button-next swiper-button-next swiper-button-white\" role=\"button\"><\/a><a aria-label=\"Pause Slideshow\" class=\"wp-block-jetpack-slideshow_button-pause\" role=\"button\"><\/a><div class=\"wp-block-jetpack-slideshow_pagination swiper-pagination swiper-pagination-white\"><\/div><\/div><\/div>\n\n\n\n<div style=\"height:20px\" aria-hidden=\"true\" class=\"wp-block-spacer\"><\/div>\n\n\n\n<div class=\"wp-block-jetpack-send-a-message\"><\/div>\n<\/div><\/div>\n\n\n\n<div class=\"wp-container-6 is-content-justification-center wp-block-buttons alignfull\">\n<div class=\"wp-block-button aligncenter has-custom-width wp-block-button__width-25 has-custom-font-size is-style-fill has-small-font-size\"><a class=\"wp-block-button__link has-foreground-background-color has-background\" href=\"https:\/\/cabanasdospajaros.com.ar\/?page_id=27\" target=\"_blank\" rel=\"noreferrer noopener\">Ver m\u00e1s<\/a><\/div>\n<\/div>\n\n\n\n<div style=\"height:83px\" aria-hidden=\"true\" class=\"wp-block-spacer\"><\/div>\n\n\n\n<div style=\"height:0px\" aria-hidden=\"true\" class=\"wp-block-spacer\"><\/div>\n\n\n\n<div class=\"wp-container-10 wp-block-group alignfull has-background\" style=\"background-color:#a12c0b\"><div class=\"wp-block-group__inner-container\">\n<div class=\"wp-container-9 wp-block-columns alignwide\">\n<div class=\"wp-container-7 wp-block-column\">\n<h2 class=\"has-text-align-left has-background-color has-text-color\"> Contacto<\/h2>\n\n\n\n<p class=\"has-background-color has-text-color\">Dospajarosvillapehuenia@gmail.com<\/p>\n\n\n\n<p class=\"has-background-color has-text-color\">Comunicaci\u00f3n preferentemente V\u00eda WhatsApp<\/p>\n\n\n\n<p class=\"has-background-color has-text-color\">(+549) 299 6350611 <\/p>\n\n\n\n<p class=\"has-background-color has-text-color\">Bah\u00eda del Eco Lote 34 ,Villa Uni\u00f3n,  Villa Pehuenia<\/p>\n\n\n\n<p><\/p>\n<\/div>\n\n\n\n<div class=\"wp-container-8 wp-block-column\">\n<h2 class=\"has-text-align-center has-background-color has-text-color\">Ubicaci\u00f3n<\/h2>\n\n\n\n<iframe src=\"https:\/\/www.google.com\/maps\/embed?pb=!1m18!1m12!1m3!1d12420.284995641015!2d-71.1262573954728!3d-38.89948597906629!2m3!1f0!2f0!3f0!3m2!1i1024!2i768!4f13.1!3m3!1m2!1s0x9612e34a88878d83%3A0x6c51eb6ae7d15858!2sDos%20Pajaros!5e0!3m2!1ses-419!2sar!4v1659821424942!5m2!1ses-419!2sar\" width=\"600\" height=\"450\" style=\"border:0;\" allowfullscreen=\"\" loading=\"lazy\" referrerpolicy=\"no-referrer-when-downgrade\"><\/iframe>\n<\/div>\n<\/div>\n<\/div><\/div>\n\n\n\n<div style=\"height:63px\" aria-hidden=\"true\" class=\"wp-block-spacer\"><\/div>\n\n\n\n<div class=\"wp-block-cover alignfull is-light\" style=\"min-height:318px\"><span aria-hidden=\"true\" class=\"wp-block-cover__background has-background-dim\"><\/span><img loading=\"lazy\" width=\"1040\" height=\"492\" class=\"wp-block-cover__image-background wp-image-110\" alt=\"\" src=\"http:\/\/cabanasdospajaros.com.ar\/wp-content\/uploads\/2022\/07\/whatsapp-image-2022-06-27-at-10.16.16-pm.jpeg\" style=\"object-position:47% 79%\" data-object-fit=\"cover\" data-object-position=\"47% 79%\" srcset=\"https:\/\/cabanasdospajaros.com.ar\/wp-content\/uploads\/2022\/07\/whatsapp-image-2022-06-27-at-10.16.16-pm.jpeg 1040w, https:\/\/cabanasdospajaros.com.ar\/wp-content\/uploads\/2022\/07\/whatsapp-image-2022-06-27-at-10.16.16-pm-300x142.jpeg 300w, https:\/\/cabanasdospajaros.com.ar\/wp-content\/uploads\/2022\/07\/whatsapp-image-2022-06-27-at-10.16.16-pm-1024x484.jpeg 1024w, https:\/\/cabanasdospajaros.com.ar\/wp-content\/uploads\/2022\/07\/whatsapp-image-2022-06-27-at-10.16.16-pm-768x363.jpeg 768w\" sizes=\"(max-width: 1040px) 100vw, 1040px\" \/><div class=\"wp-block-cover__inner-container\">\n<p class=\"has-text-align-center has-large-font-size\"><\/p>\n<\/div><\/div>\n","protected":false},"excerpt":{"rendered":"<p>A metros del Lago Alumine Nuestras Caba\u00f1as est\u00e1n ubicadas a orillas del Lago Alumine. Contamos con quincho privado y muelle para embarcaciones, situados a 6km del Centro de Villa Pehuenia, tenemos un espacio \u00fanico para que vengas a relajarte. Nuestras Caba\u00f1as Contacto Dospajarosvillapehuenia@gmail.com Comunicaci\u00f3n preferentemente V\u00eda WhatsApp (+549) 299 6350611 Bah\u00eda del Eco Lote 34<a class=\"more-link\" href=\"https:\/\/cabanasdospajaros.com.ar\/\">Continue reading <span class=\"screen-reader-text\">&#8220;Inicio&#8221;<\/span><\/a><\/p>\n","protected":false},"author":1,"featured_media":0,"parent":0,"menu_order":0,"comment_status":"closed","ping_status":"closed","template":"","meta":{"om_disable_all_campaigns":false,"_monsterinsights_skip_tracking":false,"_monsterinsights_sitenote_active":false,"_monsterinsights_sitenote_note":"","_monsterinsights_sitenote_category":0,"_joinchat":[]},"aioseo_notices":[],"_links":{"self":[{"href":"https:\/\/cabanasdospajaros.com.ar\/index.php?rest_route=\/wp\/v2\/pages\/14"}],"collection":[{"href":"https:\/\/cabanasdospajaros.com.ar\/index.php?rest_route=\/wp\/v2\/pages"}],"about":[{"href":"https:\/\/cabanasdospajaros.com.ar\/index.php?rest_route=\/wp\/v2\/types\/page"}],"author":[{"embeddable":true,"href":"https:\/\/cabanasdospajaros.com.ar\/index.php?rest_route=\/wp\/v2\/users\/1"}],"replies":[{"embeddable":true,"href":"https:\/\/cabanasdospajaros.com.ar\/index.php?rest_route=%2Fwp%2Fv2%2Fcomments&post=14"}],"version-history":[{"count":27,"href":"https:\/\/cabanasdospajaros.com.ar\/index.php?rest_route=\/wp\/v2\/pages\/14\/revisions"}],"predecessor-version":[{"id":239,"href":"https:\/\/cabanasdospajaros.com.ar\/index.php?rest_route=\/wp\/v2\/pages\/14\/revisions\/239"}],"wp:attachment":[{"href":"https:\/\/cabanasdospajaros.com.ar\/index.php?rest_route=%2Fwp%2Fv2%2Fmedia&parent=14"}],"curies":[{"name":"wp","href":"https:\/\/api.w.org\/{rel}","templated":true}]}}