{"id":13,"date":"2022-06-28T15:34:38","date_gmt":"2022-06-28T18:34:38","guid":{"rendered":"https:\/\/cabanasdospajaros.wordpress.com\/contacto\/"},"modified":"2022-09-05T19:28:43","modified_gmt":"2022-09-05T19:28:43","slug":"contacto","status":"publish","type":"page","link":"https:\/\/cabanasdospajaros.com.ar\/?page_id=13","title":{"rendered":"Contacto"},"content":{"rendered":"\n<p class=\"has-text-align-center\">Hablemos \ud83d\udc4b No dudes en ponerte en contacto con nosotros mediante la siguiente informaci\u00f3n de contacto. Solicitamos el contacto preferentemente v\u00eda WhatsApp.<\/p>\n\n\n\n<figure class=\"wp-container-2 wp-block-gallery-1 wp-block-gallery has-nested-images columns-4 is-cropped\">\n<figure class=\"wp-block-image size-large\"><img loading=\"lazy\" width=\"1536\" height=\"2048\" data-id=\"91\"  src=\"http:\/\/cabanasdospajaros.com.ar\/wp-content\/uploads\/2022\/07\/img_0186.jpeg\" alt=\"\" class=\"wp-image-91\" srcset=\"https:\/\/cabanasdospajaros.com.ar\/wp-content\/uploads\/2022\/07\/img_0186.jpeg 1536w, https:\/\/cabanasdospajaros.com.ar\/wp-content\/uploads\/2022\/07\/img_0186-225x300.jpeg 225w, https:\/\/cabanasdospajaros.com.ar\/wp-content\/uploads\/2022\/07\/img_0186-768x1024.jpeg 768w, https:\/\/cabanasdospajaros.com.ar\/wp-content\/uploads\/2022\/07\/img_0186-1152x1536.jpeg 1152w\" sizes=\"(max-width: 1536px) 100vw, 1536px\" \/><\/figure>\n\n\n\n<figure class=\"wp-block-image size-large\"><img loading=\"lazy\" width=\"1536\" height=\"2048\" data-id=\"78\"  src=\"http:\/\/cabanasdospajaros.com.ar\/wp-content\/uploads\/2022\/06\/img_0039-1-1.jpeg\" alt=\"\" class=\"wp-image-78\" srcset=\"https:\/\/cabanasdospajaros.com.ar\/wp-content\/uploads\/2022\/06\/img_0039-1-1.jpeg 1536w, https:\/\/cabanasdospajaros.com.ar\/wp-content\/uploads\/2022\/06\/img_0039-1-1-225x300.jpeg 225w, https:\/\/cabanasdospajaros.com.ar\/wp-content\/uploads\/2022\/06\/img_0039-1-1-768x1024.jpeg 768w, https:\/\/cabanasdospajaros.com.ar\/wp-content\/uploads\/2022\/06\/img_0039-1-1-1152x1536.jpeg 1152w\" sizes=\"(max-width: 1536px) 100vw, 1536px\" \/><\/figure>\n\n\n\n<figure class=\"wp-block-image size-large\"><img loading=\"lazy\" width=\"638\" height=\"853\" data-id=\"40\"  src=\"http:\/\/cabanasdospajaros.com.ar\/wp-content\/uploads\/2022\/06\/whatsapp-image-2022-06-27-at-10.16.14-pm-1-edited.jpeg\" alt=\"\" class=\"wp-image-40\" srcset=\"https:\/\/cabanasdospajaros.com.ar\/wp-content\/uploads\/2022\/06\/whatsapp-image-2022-06-27-at-10.16.14-pm-1-edited.jpeg 638w, https:\/\/cabanasdospajaros.com.ar\/wp-content\/uploads\/2022\/06\/whatsapp-image-2022-06-27-at-10.16.14-pm-1-edited-224x300.jpeg 224w\" sizes=\"(max-width: 638px) 100vw, 638px\" \/><\/figure>\n\n\n\n<figure class=\"wp-block-image size-large\"><img loading=\"lazy\" width=\"1536\" height=\"2048\" data-id=\"99\"  src=\"http:\/\/cabanasdospajaros.com.ar\/wp-content\/uploads\/2022\/07\/img_0171.jpeg\" alt=\"\" class=\"wp-image-99\" srcset=\"https:\/\/cabanasdospajaros.com.ar\/wp-content\/uploads\/2022\/07\/img_0171.jpeg 1536w, https:\/\/cabanasdospajaros.com.ar\/wp-content\/uploads\/2022\/07\/img_0171-225x300.jpeg 225w, https:\/\/cabanasdospajaros.com.ar\/wp-content\/uploads\/2022\/07\/img_0171-768x1024.jpeg 768w, https:\/\/cabanasdospajaros.com.ar\/wp-content\/uploads\/2022\/07\/img_0171-1152x1536.jpeg 1152w\" sizes=\"(max-width: 1536px) 100vw, 1536px\" \/><\/figure>\n<\/figure>\n\n\n\n<div style=\"height:32px\" aria-hidden=\"true\" class=\"wp-block-spacer desktop-only\"><\/div>\n\n\n\n<div style=\"height:0px\" aria-hidden=\"true\" class=\"wp-block-spacer\"><\/div>\n\n\n\n<div class=\"wp-container-5 wp-block-columns alignwide has-2-columns\">\n<div class=\"wp-container-3 wp-block-column has-primary-color has-text-color\">\n<h2 class=\"has-text-align-left\">Contacto<\/h2>\n\n\n\n<div class=\"wp-block-jetpack-contact-info\">\n<div class=\"wp-block-jetpack-address\"><div class=\"jetpack-address__address jetpack-address__address1\">Bah\u00eda del Eco Lote 34 <\/div><div class=\"jetpack-address__address jetpack-address__address2\">Villa Uni\u00f3n<\/div><div><span class=\"jetpack-address__city\">Villa Pehuenia<\/span>, <span class=\"jetpack-address__region\">Neuqu\u00e9n<\/span> <span class=\"jetpack-address__postal\">8345<\/span><\/div><div class=\"jetpack-address__country\">Argentina<\/div><\/div>\n<div class=\"wp-block-jetpack-email\"><a href=\"mailto:Dospajarosvillapehuenia@gmail.com\">Dospajarosvillapehuenia@gmail.com<\/a><\/div>\n<p>Comunicaci\u00f3n preferentemente V\u00eda WhatsApp<\/p>\n<div class=\"wp-block-jetpack-phone\"><span class=\"phone-prefix\">(<\/span><a href=\"tel:+5492996350611\">+549) 299 6350611\n<\/a><\/div>\n<div class=\"wp-block-jetpack-phone\"><span class=\"phone-prefix\">(<\/span><a href=\"tel:+5492994709075\">+549) 299 4709075\n<\/a><\/div>\n<div class=\"wp-block-jetpack-phone\"><span class=\"phone-prefix\">(<\/span><a href=\"tel:+5492615702723\">+549)261 5702723<\/a><\/div>\n<\/div>\n<\/div>\n\n\n\n<div class=\"wp-container-4 wp-block-column\">\n<h2 class=\"has-text-align-left\">Ubicaci\u00f3n <\/h2>\n\n\n\n<iframe src=\"https:\/\/www.google.com\/maps\/embed?pb=!1m18!1m12!1m3!1d12420.284995641015!2d-71.1262573954728!3d-38.89948597906629!2m3!1f0!2f0!3f0!3m2!1i1024!2i768!4f13.1!3m3!1m2!1s0x9612e34a88878d83%3A0x6c51eb6ae7d15858!2sDos%20Pajaros!5e0!3m2!1ses-419!2sar!4v1659821424942!5m2!1ses-419!2sar\" width=\"600\" height=\"450\" style=\"border:0;\" allowfullscreen=\"\" loading=\"lazy\" referrerpolicy=\"no-referrer-when-downgrade\"><\/iframe>\n<\/div>\n<\/div>\n\n\n\n<div class=\"wp-block-cover alignfull is-light\" style=\"min-height:335px\"><span aria-hidden=\"true\" class=\"wp-block-cover__background has-background-dim\"><\/span><img loading=\"lazy\" width=\"1040\" height=\"492\" class=\"wp-block-cover__image-background wp-image-110\" alt=\"\" src=\"http:\/\/cabanasdospajaros.com.ar\/wp-content\/uploads\/2022\/07\/whatsapp-image-2022-06-27-at-10.16.16-pm.jpeg\" style=\"object-position:51% 92%\" data-object-fit=\"cover\" data-object-position=\"51% 92%\" srcset=\"https:\/\/cabanasdospajaros.com.ar\/wp-content\/uploads\/2022\/07\/whatsapp-image-2022-06-27-at-10.16.16-pm.jpeg 1040w, https:\/\/cabanasdospajaros.com.ar\/wp-content\/uploads\/2022\/07\/whatsapp-image-2022-06-27-at-10.16.16-pm-300x142.jpeg 300w, https:\/\/cabanasdospajaros.com.ar\/wp-content\/uploads\/2022\/07\/whatsapp-image-2022-06-27-at-10.16.16-pm-1024x484.jpeg 1024w, https:\/\/cabanasdospajaros.com.ar\/wp-content\/uploads\/2022\/07\/whatsapp-image-2022-06-27-at-10.16.16-pm-768x363.jpeg 768w\" sizes=\"(max-width: 1040px) 100vw, 1040px\" \/><div class=\"wp-block-cover__inner-container\">\n<p class=\"has-text-align-center has-large-font-size\"><\/p>\n<\/div><\/div>\n","protected":false},"excerpt":{"rendered":"<p>Hablemos \ud83d\udc4b No dudes en ponerte en contacto con nosotros mediante la siguiente informaci\u00f3n de contacto. Solicitamos el contacto preferentemente v\u00eda WhatsApp. Contacto Bah\u00eda del Eco Lote 34 Villa Uni\u00f3n Villa Pehuenia, Neuqu\u00e9n 8345 Argentina Dospajarosvillapehuenia@gmail.com Comunicaci\u00f3n preferentemente V\u00eda WhatsApp (+549) 299 6350611 (+549) 299 4709075 (+549)261 5702723 Ubicaci\u00f3n<\/p>\n","protected":false},"author":1,"featured_media":0,"parent":0,"menu_order":1,"comment_status":"closed","ping_status":"closed","template":"","meta":{"om_disable_all_campaigns":false,"_monsterinsights_skip_tracking":false,"_monsterinsights_sitenote_active":false,"_monsterinsights_sitenote_note":"","_monsterinsights_sitenote_category":0,"_joinchat":[]},"aioseo_notices":[],"_links":{"self":[{"href":"https:\/\/cabanasdospajaros.com.ar\/index.php?rest_route=\/wp\/v2\/pages\/13"}],"collection":[{"href":"https:\/\/cabanasdospajaros.com.ar\/index.php?rest_route=\/wp\/v2\/pages"}],"about":[{"href":"https:\/\/cabanasdospajaros.com.ar\/index.php?rest_route=\/wp\/v2\/types\/page"}],"author":[{"embeddable":true,"href":"https:\/\/cabanasdospajaros.com.ar\/index.php?rest_route=\/wp\/v2\/users\/1"}],"replies":[{"embeddable":true,"href":"https:\/\/cabanasdospajaros.com.ar\/index.php?rest_route=%2Fwp%2Fv2%2Fcomments&post=13"}],"version-history":[{"count":3,"href":"https:\/\/cabanasdospajaros.com.ar\/index.php?rest_route=\/wp\/v2\/pages\/13\/revisions"}],"predecessor-version":[{"id":208,"href":"https:\/\/cabanasdospajaros.com.ar\/index.php?rest_route=\/wp\/v2\/pages\/13\/revisions\/208"}],"wp:attachment":[{"href":"https:\/\/cabanasdospajaros.com.ar\/index.php?rest_route=%2Fwp%2Fv2%2Fmedia&parent=13"}],"curies":[{"name":"wp","href":"https:\/\/api.w.org\/{rel}","templated":true}]}}